{"id":8,"date":"2010-01-14T20:42:26","date_gmt":"2010-01-14T20:42:26","guid":{"rendered":"http:\/\/one-it.ro\/blog\/?page_id=8"},"modified":"2020-07-13T12:59:26","modified_gmt":"2020-07-13T09:59:26","slug":"servicii-one-it-service-it-reparatii-service-laptop-cluj-napoca-baia-mare","status":"publish","type":"page","link":"https:\/\/www.one-it.ro\/blog\/servicii-one-it-service-it-reparatii-service-laptop-cluj-napoca-baia-mare\/","title":{"rendered":"Servicii One-IT"},"content":{"rendered":"<p><strong>\u00a0 \u00a0 \u00a0 \u00a0One-IT<\/strong> este furnizor de solu\u021bii IT personalizate, activ\u00e2nd prin dou\u0103 magazine de retail, unul \u00een Baia Mare pe Bd. Bucuresti nr. 21, \u0219i altul \u00een Cluj-Napoca, Str. C.Br\u00e2ncu\u0219i, nr. 51. <span style=\"color: #ffffff;\">Service Laptop<\/span><\/p>\n<p><a href=\"http:\/\/www.one-it.ro\/blog\/servicii-one-it-service-it-reparatii-service-laptop-cluj-napoca-baia-mare\/service_laptop_cluj\/\" rel=\"attachment wp-att-1132\"><img decoding=\"async\" loading=\"lazy\" class=\"alignleft wp-image-1132\" style=\"border: 5px solid transparent;\" title=\"service_laptop_cluj\" src=\"http:\/\/www.one-it.ro\/blog\/wp-content\/uploads\/2010\/01\/service_laptop_cluj.jpg\" alt=\"Service Laptop Cluj-Napoca\" width=\"270\" height=\"204\" \/><\/a>\u00cen aceste loca\u021bii, One-IT are dou\u0103 departamente tehnice specializate, care asigur\u0103 interven\u021bii rapide \u0219i eficiente pentru eventualele probleme ap\u0103rute la echipamentele IT ale clien\u021bilor.<\/p>\n<p>Inginerii no\u0219tri de <a href=\"http:\/\/www.one-it.ro\/servicii-it-profesionale-centru-service-laptop-pc-server.html\" target=\"_blank\" rel=\"noopener noreferrer\">service IT<\/a> au calificari de specialitate \u0219i sunt certifica\u021bi tehnic de c\u0103tre produc\u0103torii: <strong>Toshiba<\/strong>, <strong>Acer<\/strong>, <strong>HP<\/strong>, <strong>Canon<\/strong> \u0219i <strong>Fujitsu<\/strong>. \u00a0De asemenea, speciali\u0219tii One-IT au experien\u021b\u0103 \u0219i cu brandurile: <strong>Sony-Vaio, Asus, Dell, Lenovo, Msi, Xerox.<\/strong><\/p>\n<p>Cu peste 9 ani de experien\u021b\u0103 \u00een domeniu \u0219i mii de echipamente reparate, echipa noastr\u0103 pune \u00een permanen\u021b\u0103 accentul pe calitate, dorind un parteneriat pe termen lung cu clientul.<\/p>\n<p><strong>Pe l\u00e2ng\u0103 un raport excelent Pre\u021b\/Calitate, One-IT v\u0103 mai ofer\u0103<\/strong>:<br \/>\n<strong>* Consultan\u021b\u0103 tehnic\u0103 de specialitate &#8211; identificarea solu\u021biei IT potrivite, licen\u021biere, proiectare re\u021bele<br \/>\n* Service \u0219i mentenan\u021b\u0103 pe plan local &#8211; la sediul nostru sau la sediul clientului<br \/>\n* Timp rapid de rezolvare a garan\u021biilor<br \/>\n* Reprezentan\u021bi locali ai mai multor branduri:\u00a0\u00a0\u00a0\u00a0 <\/strong><br \/>\n<span style=\"color: #ffffff;\">&gt;<\/span>\u00a0 \u00a0 \u00a0 \u00a0 \u00a0 \u00a0 \u00a0 \u00a0 \u00a0 \u00a0 \u00a0 \u00a0 \u00a0 &#8211; acces la upgrade-uri garan\u021bie<br \/>\n<span style=\"color: #ffffff;\">&gt;\u00a0<\/span> \u00a0 \u00a0 \u00a0 \u00a0 \u00a0 \u00a0 \u00a0 \u00a0 \u00a0 \u00a0 \u00a0 \u00a0\u00a0&#8211; piese de schimb<br \/>\n<span style=\"color: #ffffff;\">&gt;\u00a0<\/span> \u00a0 \u00a0 \u00a0 \u00a0 \u00a0 \u00a0 \u00a0 \u00a0 \u00a0 \u00a0 \u00a0 \u00a0\u00a0&#8211; accesorii \u0219i componente IT<\/p>\n<p style=\"margin: 0 22px;\"><span style=\"font-family: Arial; color: #000080;\"><span style=\"text-decoration: underline;\"><strong>Servicii One IT<\/strong>\u00ae: <\/span><\/span><\/p>\n<div style=\"margin-left: 0px; margin-right: 22px; margin-top: 5;\">\n<p><strong style=\"font-family: Calibri;\">&#8211;\u00a0\u00a0 Configur\u0103ri \u015fi instal\u0103ri<\/strong><span style=\"font-family: Calibri;\">: Re\u0163ele simple, cablare structurat\u0103, Re\u0163ele wireless, Re\u0163ele <\/span><span style=\"font-family: Calibri;\">Virtuale Private, configurare \u015fi administrare servere windows sau Linux, instal\u0103ri periferice: imprimante, copiatoare, fax etc.<\/span><\/p>\n<p><span style=\"font-family: Calibri;\">Prin realizarea acestor lucr\u0103ri de c\u0103tre inginerii no\u015ftri tehnici, se dore\u015fte realizarea unui sistem informatic securizat \u015fi stabil, precum \u015fi costuri reduse pentru mentenan\u0163\u0103 \u015fi interven\u0163ie.<\/span><\/p>\n<\/div>\n<p><span style=\"font-family: Calibri;\"><strong><strong>&#8211;<\/strong>\u00a0 \u00a0Protec\u0163ie de date:<\/strong> solu\u0163ii de backup, recuper\u0103ri de date, solu\u0163ii de securitate.<\/span><\/p>\n<p><strong>&#8211;\u00a0\u00a0 <a href=\"http:\/\/www.one-it.ro\/servicii-it-profesionale-centru-service-laptop-pc-server.html\" target=\"_blank\" rel=\"noopener noreferrer\">SERVICE LAPTOP<\/a> &#8211; Suntem CENTRU AUTORIZAT SERVICE \u00een Baia Mare \u015fi Cluj-Napoca pentru repara\u0163ii de laptopuri: Toshiba, Acer \u015fi HP<\/strong>; de asemenea, speciali\u015ftii no\u015ftri tehnici au experien\u021b\u0103 \u015fi cu: <strong>Sony-Vaio, Asus, Dell, Lenovo, Msi, Fujitsu. <\/strong><\/p>\n<p>Oferim interven\u0163ii rapide, decodare, deparolare, rescriere orice tip de BIOS, service LCD\/TFT, \u00eenlocuire de ecran, chipset <a href=\"http:\/\/www.one-it.ro\/blog\/servicii-one-it-service-it-reparatii-service-laptop-cluj-napoca-baia-mare\/reparatii_laptop-cluj\/\" rel=\"attachment wp-att-1142\"><img decoding=\"async\" loading=\"lazy\" class=\"alignright wp-image-1142\" style=\"border: 3px solid transparent;\" title=\"Reparatii Laptop Cluj si Baia Mare\" src=\"http:\/\/www.one-it.ro\/blog\/wp-content\/uploads\/2010\/01\/reparatii_laptop-cluj.jpg\" alt=\"Reparatii Laptop Cluj si Baia Mare\" width=\"240\" height=\"158\" \/><\/a>video dezlipit, audio \u015fi video, deparol\u0103ri HDD-uri, recuper\u0103ri de date, service pentru pl\u0103ci de baz\u0103, pl\u0103ci video, HDD-uri defecte, cd\/dvd\/cd-rw\/dvd-rw, pl\u0103ci de captur\u0103, tunere tv, service pentru orice problema de electronic\u0103, indiferent de model sau defect, se ofer\u0103 garan\u0163ie la lucr\u0103rile efectuate.<\/p>\n<p>Oferim<strong> Servicii software<\/strong> (Instalare de sisteme de operare, Configurare \u0219i optimizare Windows, Devirusare, Configurare antivirus, instalare \u0219i configurare aplica\u021bii diverse).<\/p>\n<p>La noi pute\u0163i g\u0103si componente noi pentru laptopuri: HDD, memorii, alimentatoare, acumulatori, display, unitati DVD-RW, invertor, pl\u0103ci de baz\u0103, diverse adaptoare.<\/p>\n<p style=\"margin-left: 30px; margin-right: 28px; text-align: right;\"><span style=\"font-family: Arial; color: #0000ff;\"><em><span style=\"color: #ffffff;\">Service Laptop Cluj<\/span> &#8211;\u00a0<\/em><strong><em>Service Autorizat Laptop, Server \u015fi PC \u00een ora\u015ful t\u0103u !<\/em><\/strong><\/span><\/p>\n<p><span style=\"color: #ff0000;\">V\u0103 oferim cel mai bun serviciu \u00een:\u00a0<strong> Externalizarea serviciilor IT<\/strong><\/span><br \/>\n<span style=\"color: #000000;\"><strong><span style=\"color: #ff0000;\">&gt;\u00a0<\/span>\u00a0\u00a0\u00a0\u00a0\u00a0\u00a0<strong>Contract de Service IT <\/strong><\/strong>pentru<strong>\u00a0<strong>firme\/companii<\/strong>\u00a0<\/strong>sau<strong>\u00a0<strong>institutii publice:\u00a0<\/strong>\u00a0<\/strong>&#8211; venind in \u00eentampinarea dorintei dvs de a avea un service de calitate si avantajos pentru echipamentele dvs IT va propunem un contract de service lunar* care asigura interventia noastra prompta la solicitari precum si revizii lunare.<\/span><\/p>\n<p style=\"text-align: right;\"><span style=\"font-size: x-small; font-family: Calibri;\">* Costul contractului de service va fi stabilit in func\u0163ie de echipamentul IT aflat in dotare.<\/span><\/p>\n<p><strong>Avantajele Contractului de Service \u015fi Mentenan\u0163\u0103 Lunar<\/strong> :<br \/>\n\u00bb Un principal avantaj este prioritate maxim\u0103 in rezolvarea problemelor<br \/>\n\u00bb Men\u0163inerea echipamentelor in permanent\u0103 stare de bun\u0103 func\u0163ionare<br \/>\n\u00bb Service pentru orice tip de echipament de calcul, periferic sau echipament electronic.<br \/>\n\u00bb Inlocuirea echipamentelor defecte pe parcursul interven\u0163iei<br \/>\n\u00bb Consultanta software \u015fi hardware gratuit\u0103<br \/>\n\u00bb Furnizarea de consumabile, piese de schimb, computere, imprimante etc. la pre\u0163uri promo\u0163ionale<br \/>\n\u00bb Multiple variante de contracte de service, adaptate cerin\u0163elor \u015fi importan\u0163ei activit\u0103\u0163ilor dumneavoastr\u0103.<br \/>\n\u00bb Reducerea costurilor de operare<\/p>\n<p><strong>Opera\u0163ii de Service Curente :<\/strong><br \/>\n\u00bb Optimizarea sistemelor de operare, mail-ului, navigarii pe Internet<br \/>\n\u00bb Instalarea de antivirus pe sta\u0163ii, servere, \u00een re\u0163ele si update la programele antivirus, cu licen\u0163a clientului<br \/>\n\u00bb Instalare sisteme de operare Microsoft, Linux, cu licen\u0163a clientului<br \/>\n\u00bb Verificarea \u015fi \u00eentre\u0163inerea serverelor de comunica\u0163ie, de aplica\u0163ie, de fi\u015fiere<br \/>\n\u00bb Instalarea de aplica\u0163ii comune \u00een medii Microsoft Windows (ex. Corel Draw, produse Macromedia, Adobe, etc.)<br \/>\n\u00bb Intre\u0163inere acces Internet, instalare \u015fi gestionare servere de e-mail<br \/>\n\u00bb Instalarea \u015fi \u00eentre\u0163inerea unor solu\u0163ii de securitatea datelor.<\/p>\n<p><strong>Asisten\u0163a Tehnica Hardware :<\/strong><br \/>\n\u00bb Se asigura asis\u0163enta \u015fi service pentru orice produse IT<br \/>\n\u00bb Service autorizat on-site pentru orice tip de calculatoare, laptopuri, desktopuri , palmtopuri, sta\u0163ii grafice, servere<br \/>\n\u00bb Intre\u0163inere echipamente \u015fi re\u0163ele voce\/date de comunicatii<br \/>\n\u00bb Verificarea \u015fi \u00eentre\u0163inerea hardware a serverelor de comunica\u0163ie, de aplica\u0163ii, de fi\u015fiere<\/p>\n<p style=\"text-align: right;\"><strong>One-IT . Mai mult dec\u00e2t un expert , un prieten!<\/strong><\/p>\n<p><span style=\"color: #bf4059;\"><strong><a href=\"http:\/\/www.one-it.ro\/contact?blog_servicii-one-it\"><span style=\"color: #bf4059;\">Date contact, adresa, harta, formular contact\u00a0One-IT &#8211; &gt;&gt;<span style=\"text-decoration: underline;\"> click!<\/span><\/span><\/a><\/strong><span style=\"text-decoration: underline;\"><span style=\"text-align: right;\">\u00a0<\/span><\/span><\/span><\/p>\n<h2><span style=\"color: #ffffff;\"><strong>\u00a0Service Laptop Cluj<\/strong><\/span><\/h2>\n","protected":false},"excerpt":{"rendered":"<p>\u00a0 \u00a0 \u00a0 \u00a0One-IT este furnizor de solu\u021bii IT personalizate, activ\u00e2nd prin dou\u0103 magazine de retail, unul \u00een Baia Mare pe Bd. Bucuresti nr. 21, \u0219i altul \u00een Cluj-Napoca, Str. C.Br\u00e2ncu\u0219i, nr. 51. Service Laptop \u00cen aceste loca\u021bii, One-IT are dou\u0103 departamente tehnice specializate, care asigur\u0103 interven\u021bii rapide \u0219i eficiente pentru eventualele probleme ap\u0103rute la [&hellip;]<\/p>\n","protected":false},"author":1,"featured_media":0,"parent":0,"menu_order":0,"comment_status":"open","ping_status":"open","template":"","meta":{"om_disable_all_campaigns":false,"_monsterinsights_skip_tracking":false,"_monsterinsights_sitenote_active":false,"_monsterinsights_sitenote_note":"","_monsterinsights_sitenote_category":0},"yoast_head":"<!-- This site is optimized with the Yoast SEO plugin v20.1 - https:\/\/yoast.com\/wordpress\/plugins\/seo\/ -->\n<title>Servicii One-IT - Reparatii IT | Service Laptop Cluj-Napoca, Baia Mare<\/title>\n<meta name=\"description\" content=\"One-IT oferta servicii IT, reparatii echipamente IT, service imprimante, copiatoare, service Laptop Cluj-Napoca si Baia Mare ...\" \/>\n<meta name=\"robots\" content=\"index, follow, max-snippet:-1, max-image-preview:large, max-video-preview:-1\" \/>\n<link rel=\"canonical\" href=\"https:\/\/www.one-it.ro\/blog\/servicii-one-it-service-it-reparatii-service-laptop-cluj-napoca-baia-mare\/\" \/>\n<meta property=\"og:locale\" content=\"ro_RO\" \/>\n<meta property=\"og:type\" content=\"article\" \/>\n<meta property=\"og:title\" content=\"Servicii One-IT - Reparatii IT | Service Laptop Cluj-Napoca, Baia Mare\" \/>\n<meta property=\"og:description\" content=\"One-IT oferta servicii IT, reparatii echipamente IT, service imprimante, copiatoare, service Laptop Cluj-Napoca si Baia Mare ...\" \/>\n<meta property=\"og:url\" content=\"https:\/\/www.one-it.ro\/blog\/servicii-one-it-service-it-reparatii-service-laptop-cluj-napoca-baia-mare\/\" \/>\n<meta property=\"og:site_name\" content=\"One-IT blog\" \/>\n<meta property=\"article:publisher\" content=\"https:\/\/www.facebook.com\/OneIT\" \/>\n<meta property=\"article:modified_time\" content=\"2020-07-13T09:59:26+00:00\" \/>\n<meta property=\"og:image\" content=\"http:\/\/www.one-it.ro\/blog\/wp-content\/uploads\/2010\/01\/service_laptop_cluj.jpg\" \/>\n<meta name=\"twitter:card\" content=\"summary_large_image\" \/>\n<meta name=\"twitter:site\" content=\"@oneitro\" \/>\n<meta name=\"twitter:label1\" content=\"Timp estimat pentru citire\" \/>\n\t<meta name=\"twitter:data1\" content=\"4 minute\" \/>\n<script type=\"application\/ld+json\" class=\"yoast-schema-graph\">{\"@context\":\"https:\/\/schema.org\",\"@graph\":[{\"@type\":\"WebPage\",\"@id\":\"https:\/\/www.one-it.ro\/blog\/servicii-one-it-service-it-reparatii-service-laptop-cluj-napoca-baia-mare\/\",\"url\":\"https:\/\/www.one-it.ro\/blog\/servicii-one-it-service-it-reparatii-service-laptop-cluj-napoca-baia-mare\/\",\"name\":\"Servicii One-IT - Reparatii IT | Service Laptop Cluj-Napoca, Baia Mare\",\"isPartOf\":{\"@id\":\"https:\/\/www.one-it.ro\/blog\/#website\"},\"datePublished\":\"2010-01-14T20:42:26+00:00\",\"dateModified\":\"2020-07-13T09:59:26+00:00\",\"description\":\"One-IT oferta servicii IT, reparatii echipamente IT, service imprimante, copiatoare, service Laptop Cluj-Napoca si Baia Mare ...\",\"inLanguage\":\"ro-RO\",\"potentialAction\":[{\"@type\":\"ReadAction\",\"target\":[\"https:\/\/www.one-it.ro\/blog\/servicii-one-it-service-it-reparatii-service-laptop-cluj-napoca-baia-mare\/\"]}]},{\"@type\":\"WebSite\",\"@id\":\"https:\/\/www.one-it.ro\/blog\/#website\",\"url\":\"https:\/\/www.one-it.ro\/blog\/\",\"name\":\"One-IT blog\",\"description\":\"Mai mult dec\u00e2t un expert, un prieten!\",\"publisher\":{\"@id\":\"https:\/\/www.one-it.ro\/blog\/#organization\"},\"potentialAction\":[{\"@type\":\"SearchAction\",\"target\":{\"@type\":\"EntryPoint\",\"urlTemplate\":\"https:\/\/www.one-it.ro\/blog\/?s={search_term_string}\"},\"query-input\":\"required name=search_term_string\"}],\"inLanguage\":\"ro-RO\"},{\"@type\":\"Organization\",\"@id\":\"https:\/\/www.one-it.ro\/blog\/#organization\",\"name\":\"ONE-IT\",\"url\":\"https:\/\/www.one-it.ro\/blog\/\",\"logo\":{\"@type\":\"ImageObject\",\"inLanguage\":\"ro-RO\",\"@id\":\"https:\/\/www.one-it.ro\/blog\/#\/schema\/logo\/image\/\",\"url\":\"https:\/\/www.one-it.ro\/blog\/wp-content\/uploads\/2019\/10\/logo_OneIT.png\",\"contentUrl\":\"https:\/\/www.one-it.ro\/blog\/wp-content\/uploads\/2019\/10\/logo_OneIT.png\",\"width\":255,\"height\":230,\"caption\":\"ONE-IT\"},\"image\":{\"@id\":\"https:\/\/www.one-it.ro\/blog\/#\/schema\/logo\/image\/\"},\"sameAs\":[\"https:\/\/www.facebook.com\/OneIT\",\"https:\/\/twitter.com\/oneitro\",\"https:\/\/www.instagram.com\/oneit.ro\/\",\"https:\/\/www.linkedin.com\/company\/oneit\/\",\"https:\/\/www.youtube.com\/oneit\"]}]}<\/script>\n<!-- \/ Yoast SEO plugin. -->","yoast_head_json":{"title":"Servicii One-IT - Reparatii IT | Service Laptop Cluj-Napoca, Baia Mare","description":"One-IT oferta servicii IT, reparatii echipamente IT, service imprimante, copiatoare, service Laptop Cluj-Napoca si Baia Mare ...","robots":{"index":"index","follow":"follow","max-snippet":"max-snippet:-1","max-image-preview":"max-image-preview:large","max-video-preview":"max-video-preview:-1"},"canonical":"https:\/\/www.one-it.ro\/blog\/servicii-one-it-service-it-reparatii-service-laptop-cluj-napoca-baia-mare\/","og_locale":"ro_RO","og_type":"article","og_title":"Servicii One-IT - Reparatii IT | Service Laptop Cluj-Napoca, Baia Mare","og_description":"One-IT oferta servicii IT, reparatii echipamente IT, service imprimante, copiatoare, service Laptop Cluj-Napoca si Baia Mare ...","og_url":"https:\/\/www.one-it.ro\/blog\/servicii-one-it-service-it-reparatii-service-laptop-cluj-napoca-baia-mare\/","og_site_name":"One-IT blog","article_publisher":"https:\/\/www.facebook.com\/OneIT","article_modified_time":"2020-07-13T09:59:26+00:00","og_image":[{"url":"http:\/\/www.one-it.ro\/blog\/wp-content\/uploads\/2010\/01\/service_laptop_cluj.jpg"}],"twitter_card":"summary_large_image","twitter_site":"@oneitro","twitter_misc":{"Timp estimat pentru citire":"4 minute"},"schema":{"@context":"https:\/\/schema.org","@graph":[{"@type":"WebPage","@id":"https:\/\/www.one-it.ro\/blog\/servicii-one-it-service-it-reparatii-service-laptop-cluj-napoca-baia-mare\/","url":"https:\/\/www.one-it.ro\/blog\/servicii-one-it-service-it-reparatii-service-laptop-cluj-napoca-baia-mare\/","name":"Servicii One-IT - Reparatii IT | Service Laptop Cluj-Napoca, Baia Mare","isPartOf":{"@id":"https:\/\/www.one-it.ro\/blog\/#website"},"datePublished":"2010-01-14T20:42:26+00:00","dateModified":"2020-07-13T09:59:26+00:00","description":"One-IT oferta servicii IT, reparatii echipamente IT, service imprimante, copiatoare, service Laptop Cluj-Napoca si Baia Mare ...","inLanguage":"ro-RO","potentialAction":[{"@type":"ReadAction","target":["https:\/\/www.one-it.ro\/blog\/servicii-one-it-service-it-reparatii-service-laptop-cluj-napoca-baia-mare\/"]}]},{"@type":"WebSite","@id":"https:\/\/www.one-it.ro\/blog\/#website","url":"https:\/\/www.one-it.ro\/blog\/","name":"One-IT blog","description":"Mai mult dec\u00e2t un expert, un prieten!","publisher":{"@id":"https:\/\/www.one-it.ro\/blog\/#organization"},"potentialAction":[{"@type":"SearchAction","target":{"@type":"EntryPoint","urlTemplate":"https:\/\/www.one-it.ro\/blog\/?s={search_term_string}"},"query-input":"required name=search_term_string"}],"inLanguage":"ro-RO"},{"@type":"Organization","@id":"https:\/\/www.one-it.ro\/blog\/#organization","name":"ONE-IT","url":"https:\/\/www.one-it.ro\/blog\/","logo":{"@type":"ImageObject","inLanguage":"ro-RO","@id":"https:\/\/www.one-it.ro\/blog\/#\/schema\/logo\/image\/","url":"https:\/\/www.one-it.ro\/blog\/wp-content\/uploads\/2019\/10\/logo_OneIT.png","contentUrl":"https:\/\/www.one-it.ro\/blog\/wp-content\/uploads\/2019\/10\/logo_OneIT.png","width":255,"height":230,"caption":"ONE-IT"},"image":{"@id":"https:\/\/www.one-it.ro\/blog\/#\/schema\/logo\/image\/"},"sameAs":["https:\/\/www.facebook.com\/OneIT","https:\/\/twitter.com\/oneitro","https:\/\/www.instagram.com\/oneit.ro\/","https:\/\/www.linkedin.com\/company\/oneit\/","https:\/\/www.youtube.com\/oneit"]}]}},"_links":{"self":[{"href":"https:\/\/www.one-it.ro\/blog\/wp-json\/wp\/v2\/pages\/8"}],"collection":[{"href":"https:\/\/www.one-it.ro\/blog\/wp-json\/wp\/v2\/pages"}],"about":[{"href":"https:\/\/www.one-it.ro\/blog\/wp-json\/wp\/v2\/types\/page"}],"author":[{"embeddable":true,"href":"https:\/\/www.one-it.ro\/blog\/wp-json\/wp\/v2\/users\/1"}],"replies":[{"embeddable":true,"href":"https:\/\/www.one-it.ro\/blog\/wp-json\/wp\/v2\/comments?post=8"}],"version-history":[{"count":43,"href":"https:\/\/www.one-it.ro\/blog\/wp-json\/wp\/v2\/pages\/8\/revisions"}],"predecessor-version":[{"id":4510,"href":"https:\/\/www.one-it.ro\/blog\/wp-json\/wp\/v2\/pages\/8\/revisions\/4510"}],"wp:attachment":[{"href":"https:\/\/www.one-it.ro\/blog\/wp-json\/wp\/v2\/media?parent=8"}],"curies":[{"name":"wp","href":"https:\/\/api.w.org\/{rel}","templated":true}]}}