{"id":5681,"date":"2021-06-26T00:55:34","date_gmt":"2021-06-25T21:55:34","guid":{"rendered":"https:\/\/www.one-it.ro\/blog\/?page_id=5681"},"modified":"2021-06-28T16:06:57","modified_gmt":"2021-06-28T13:06:57","slug":"one-it-partener-certificat-synology-in-romania","status":"publish","type":"page","link":"https:\/\/www.one-it.ro\/blog\/one-it-partener-certificat-synology-in-romania\/","title":{"rendered":"One-IT partener certificat Synology \u00een Rom\u00e2nia"},"content":{"rendered":"<p><img decoding=\"async\" loading=\"lazy\" class=\"aligncenter size-full wp-image-5684\" src=\"https:\/\/www.one-it.ro\/blog\/wp-content\/uploads\/2021\/06\/Synology_NAS_business.png\" alt=\"Synology Certified Partner\" width=\"1080\" height=\"330\" srcset=\"https:\/\/www.one-it.ro\/blog\/wp-content\/uploads\/2021\/06\/Synology_NAS_business.png 1080w, https:\/\/www.one-it.ro\/blog\/wp-content\/uploads\/2021\/06\/Synology_NAS_business-272x83.png 272w, https:\/\/www.one-it.ro\/blog\/wp-content\/uploads\/2021\/06\/Synology_NAS_business-1024x313.png 1024w, https:\/\/www.one-it.ro\/blog\/wp-content\/uploads\/2021\/06\/Synology_NAS_business-768x235.png 768w\" sizes=\"(max-width: 1080px) 100vw, 1080px\" \/><\/p>\n<h1><span style=\"color: #153bad;\">One-IT devine Certified Partner Synology in Romania<\/span><\/h1>\n<h2>Prin acest parteneriat One-IT aduce mai aproape clien\u021bilor din mediul business dar \u0219i clien\u021bilor consumer beneficiile oferite de<strong> produc\u0103torul de top al echipamentelor \u0219i solu\u021biilor de Back-up, Synology.<\/strong><\/h2>\n<p>Av\u00e2nd \u00eencrederea acordat\u0103 de milioane de clien\u021bi \u0219i de c\u0103tre cei mai buni min\u021bi din industria IT, cu peste \u0219ase milioane de livr\u0103ri \u0219i instal\u0103ri, Synology se angajeaz\u0103 s\u0103 transforme modul \u00een care companiile \u00ee\u0219i gestioneaz\u0103 datele &#8211; elegant, simplu \u0219i sigur. Synology se m\u00e2ndre\u0219te cu o gam\u0103 larg\u0103 de solu\u021bii sus\u021binute de inova\u021bii de ultim\u0103 genera\u021bie \u0219i fiabilitate dovedit\u0103 pe teren, cu o experien\u021b\u0103 solid\u0103 \u00een \u00eendeplinirea a\u0219tept\u0103rilor \u0219i cerin\u021belor din ce \u00een ce mai mari.<\/p>\n<p><span style=\"color: #800000;\"><strong>Pentru clien\u021bii One-IT \u0219i nu numai, avem mai multe modele Synology cu pre\u021b special, pentru info<\/strong>\u00a0<strong>face\u021bi o cerere pe acest formular:<\/strong><\/span><\/p>\n\t\t<a\t\t\t\thref=\"javascript:void(0)\"\n\t\t\t\tclass=\"sgpb-show-popup sgpb-popup-id-4665\"\n\t\tdata-sgpbpopupid=\"4665\"\n\t\tdata-popup-event=\"click\"\n\t\t>\n\t\t<img class=\"wp-image-4552 aligncenter\" src=\"https:\/\/www.one-it.ro\/blog\/wp-content\/uploads\/2020\/08\/button_cerere-pret-special.png\" alt=\"Pret Special\" width=\"261\" height=\"53\" \/>\t\t<\/a>\n\t\t\n<p>Cu un amestec de expertiz\u0103 de pionierat \u0219i experien\u021b\u0103 considerabil\u0103, Synology ofer\u0103 solu\u021bii personalizate clien\u021bilor din industrii din \u00eentreaga lume. \u00cen \u00eentreaga lume sunt foarte mul\u021bi clien\u021bi mul\u021bumi\u021bi de aceste solu\u021bii, \u0219i aceast\u0103 experien\u021b\u0103 este \u00eemp\u0103rt\u0103\u0219it\u0103 \u0219i prezentat despre modul \u00een care clien\u021bii migreaz\u0103, scaleaz\u0103 \u0219i gestioneaz\u0103 afacerile f\u0103r\u0103 probleme \u0219i \u00een siguran\u021b\u0103 cu solu\u021biile Synology.<\/p>\n<p><strong>Marele avantaj al echipamentelor NAS (Network-attached storage) produse este ca ele sunt potrivite pentru orice buget si orice business.<\/strong><\/p>\n<p>Un alt avantaj al solu\u021biilor Synology este sistemul de operare DiskStation Manager (DSM), peste opt milioane de solu\u021bii Synology de gestionare a datelor au fost implementate \u00een \u00eentreaga lume \u0219i pe fiecare ruleaz\u0103 sistemul de operare DSM. Fiind cel mai mare sistem de operare NAS din lume, DSM combin\u0103 \u00een mod unic interoperabilitatea stoc\u0103rii, backup-ul \u0219i capacit\u0103\u021bile de protec\u021bie a datelor, precum \u0219i solu\u021biile solide de sincronizare \u0219i colaborare pentru a face fa\u021b\u0103 mediilor de lucru \u0219i surselor de date din ce \u00een ce mai variate. Add-on-urile dezvoltate de Synology, precum Synology Drive, suita Active Backup \u0219i multe altele, \u00eenregistreaz\u0103 mai mult de \u0219ase milioane de desc\u0103rc\u0103ri lunare.<br \/>\nRecent a fost lansat\u0103 variant\u0103\u00a0 DSM 7.0, av\u00e2nd ca focus \u00eembun\u0103t\u0103\u021birea securit\u0103\u021bii, a capacit\u0103\u021bilor de gestionare a sistemului \u0219i a \u00eembun\u0103t\u0103\u021birii colabor\u0103rii \u00een domeniul datelor, DSM 7.0 este un pas enorm \u00eenainte pentru gamele Synology de produse NAS \u0219i SAN.<\/p>\n<h2><img decoding=\"async\" loading=\"lazy\" class=\"aligncenter size-full wp-image-5688\" src=\"https:\/\/www.one-it.ro\/blog\/wp-content\/uploads\/2021\/06\/Synology_system_enhancement_bg.png\" alt=\"Echipamente NAS Synology\" width=\"1458\" height=\"352\" \/><br \/>\nPrintre cele mai de succes modele NAS Synology se enumer\u0103: SYNOLOGY DiskStation NAS DS920+ 4-Bay, DS420+ Desktop, DS720+, DS220+, DS1621+, RS1221+, RS3621RPXS, RS4021XS+, DS218PLAY, RS2821RP+, RS820RP+, RS820+, DS1621XS+, DS1821+\u00a0 &#8211; aceste produse sunt disponibile si pe SEAP \/ SICAP.<\/h2>\n<p><span style=\"color: #800000;\"><strong>Pentru cerere ofert\u0103 pre\u021b special la SYNOLOGY <\/strong>(\u0219i identificare tehnic\u0103 solu\u021bie) <strong>face\u021bi o cerere pe acest formular:<\/strong><\/span><\/p>\n\t\t<a\t\t\t\thref=\"javascript:void(0)\"\n\t\t\t\tclass=\"sgpb-show-popup sgpb-popup-id-4665\"\n\t\tdata-sgpbpopupid=\"4665\"\n\t\tdata-popup-event=\"click\"\n\t\t>\n\t\t<img class=\"aligncenter wp-image-4552\" src=\"https:\/\/www.one-it.ro\/blog\/wp-content\/uploads\/2020\/08\/button_cerere-pret-special.png\" alt=\"Pret Special\" width=\"261\" height=\"53\" \/>\t\t<\/a>\n\t\t\n<p>*pre\u021burile \u0219i disponibilit\u0103\u021bile de stoc nu sunt garantate, doar \u00een cazul lans\u0103rii de comand\u0103 ferm\u0103.<\/p>\n<p><span style=\"color: #ffffff;\">.<\/span><\/p>\n<p><span style=\"color: #333333;\"><em>Urm\u0103re\u0219te sesiunea TECHtime One-IT cu Mihai Marcu, Key Account Manager Synology \u00een Romania:<\/em><\/span><\/p>\n<p><iframe loading=\"lazy\" title=\"YouTube video player\" src=\"https:\/\/www.youtube.com\/embed\/ukyZzGi3r9M\" width=\"560\" height=\"315\" frameborder=\"0\" allowfullscreen=\"allowfullscreen\"><\/iframe><\/p>\n","protected":false},"excerpt":{"rendered":"<p>One-IT devine Certified Partner Synology in Romania Prin acest parteneriat One-IT aduce mai aproape clien\u021bilor din mediul business dar \u0219i clien\u021bilor consumer beneficiile oferite de produc\u0103torul de top al echipamentelor \u0219i solu\u021biilor de Back-up, Synology. Av\u00e2nd \u00eencrederea acordat\u0103 de milioane de clien\u021bi \u0219i de c\u0103tre cei mai buni min\u021bi din industria IT, cu peste \u0219ase [&hellip;]<\/p>\n","protected":false},"author":1,"featured_media":5684,"parent":0,"menu_order":0,"comment_status":"closed","ping_status":"closed","template":"","meta":{"om_disable_all_campaigns":false,"_monsterinsights_skip_tracking":false,"_monsterinsights_sitenote_active":false,"_monsterinsights_sitenote_note":"","_monsterinsights_sitenote_category":0},"yoast_head":"<!-- This site is optimized with the Yoast SEO plugin v20.1 - https:\/\/yoast.com\/wordpress\/plugins\/seo\/ -->\n<title>One-IT partener certificat Synology \u00een Rom\u00e2nia - Solutii NAS business<\/title>\n<meta name=\"robots\" content=\"index, follow, max-snippet:-1, max-image-preview:large, max-video-preview:-1\" \/>\n<link rel=\"canonical\" href=\"https:\/\/www.one-it.ro\/blog\/one-it-partener-certificat-synology-in-romania\/\" \/>\n<meta property=\"og:locale\" content=\"ro_RO\" \/>\n<meta property=\"og:type\" content=\"article\" \/>\n<meta property=\"og:title\" content=\"One-IT partener certificat Synology \u00een Rom\u00e2nia - Solutii NAS business\" \/>\n<meta property=\"og:description\" content=\"One-IT devine Certified Partner Synology in Romania Prin acest parteneriat One-IT aduce mai aproape clien\u021bilor din mediul business dar \u0219i clien\u021bilor consumer beneficiile oferite de produc\u0103torul de top al echipamentelor \u0219i solu\u021biilor de Back-up, Synology. Av\u00e2nd \u00eencrederea acordat\u0103 de milioane de clien\u021bi \u0219i de c\u0103tre cei mai buni min\u021bi din industria IT, cu peste \u0219ase [&hellip;]\" \/>\n<meta property=\"og:url\" content=\"https:\/\/www.one-it.ro\/blog\/one-it-partener-certificat-synology-in-romania\/\" \/>\n<meta property=\"og:site_name\" content=\"One-IT blog\" \/>\n<meta property=\"article:publisher\" content=\"https:\/\/www.facebook.com\/OneIT\" \/>\n<meta property=\"article:modified_time\" content=\"2021-06-28T13:06:57+00:00\" \/>\n<meta property=\"og:image\" content=\"https:\/\/www.one-it.ro\/blog\/wp-content\/uploads\/2021\/06\/Synology_NAS_business.png\" \/>\n\t<meta property=\"og:image:width\" content=\"1080\" \/>\n\t<meta property=\"og:image:height\" content=\"330\" \/>\n\t<meta property=\"og:image:type\" content=\"image\/png\" \/>\n<meta name=\"twitter:card\" content=\"summary_large_image\" \/>\n<meta name=\"twitter:site\" content=\"@oneitro\" \/>\n<meta name=\"twitter:label1\" content=\"Timp estimat pentru citire\" \/>\n\t<meta name=\"twitter:data1\" content=\"3 minute\" \/>\n<script type=\"application\/ld+json\" class=\"yoast-schema-graph\">{\"@context\":\"https:\/\/schema.org\",\"@graph\":[{\"@type\":\"WebPage\",\"@id\":\"https:\/\/www.one-it.ro\/blog\/one-it-partener-certificat-synology-in-romania\/\",\"url\":\"https:\/\/www.one-it.ro\/blog\/one-it-partener-certificat-synology-in-romania\/\",\"name\":\"One-IT partener certificat Synology \u00een Rom\u00e2nia - Solutii NAS business\",\"isPartOf\":{\"@id\":\"https:\/\/www.one-it.ro\/blog\/#website\"},\"datePublished\":\"2021-06-25T21:55:34+00:00\",\"dateModified\":\"2021-06-28T13:06:57+00:00\",\"inLanguage\":\"ro-RO\",\"potentialAction\":[{\"@type\":\"ReadAction\",\"target\":[\"https:\/\/www.one-it.ro\/blog\/one-it-partener-certificat-synology-in-romania\/\"]}]},{\"@type\":\"WebSite\",\"@id\":\"https:\/\/www.one-it.ro\/blog\/#website\",\"url\":\"https:\/\/www.one-it.ro\/blog\/\",\"name\":\"One-IT blog\",\"description\":\"Mai mult dec\u00e2t un expert, un prieten!\",\"publisher\":{\"@id\":\"https:\/\/www.one-it.ro\/blog\/#organization\"},\"potentialAction\":[{\"@type\":\"SearchAction\",\"target\":{\"@type\":\"EntryPoint\",\"urlTemplate\":\"https:\/\/www.one-it.ro\/blog\/?s={search_term_string}\"},\"query-input\":\"required name=search_term_string\"}],\"inLanguage\":\"ro-RO\"},{\"@type\":\"Organization\",\"@id\":\"https:\/\/www.one-it.ro\/blog\/#organization\",\"name\":\"ONE-IT\",\"url\":\"https:\/\/www.one-it.ro\/blog\/\",\"logo\":{\"@type\":\"ImageObject\",\"inLanguage\":\"ro-RO\",\"@id\":\"https:\/\/www.one-it.ro\/blog\/#\/schema\/logo\/image\/\",\"url\":\"https:\/\/www.one-it.ro\/blog\/wp-content\/uploads\/2019\/10\/logo_OneIT.png\",\"contentUrl\":\"https:\/\/www.one-it.ro\/blog\/wp-content\/uploads\/2019\/10\/logo_OneIT.png\",\"width\":255,\"height\":230,\"caption\":\"ONE-IT\"},\"image\":{\"@id\":\"https:\/\/www.one-it.ro\/blog\/#\/schema\/logo\/image\/\"},\"sameAs\":[\"https:\/\/www.facebook.com\/OneIT\",\"https:\/\/twitter.com\/oneitro\",\"https:\/\/www.instagram.com\/oneit.ro\/\",\"https:\/\/www.linkedin.com\/company\/oneit\/\",\"https:\/\/www.youtube.com\/oneit\"]}]}<\/script>\n<!-- \/ Yoast SEO plugin. -->","yoast_head_json":{"title":"One-IT partener certificat Synology \u00een Rom\u00e2nia - Solutii NAS business","robots":{"index":"index","follow":"follow","max-snippet":"max-snippet:-1","max-image-preview":"max-image-preview:large","max-video-preview":"max-video-preview:-1"},"canonical":"https:\/\/www.one-it.ro\/blog\/one-it-partener-certificat-synology-in-romania\/","og_locale":"ro_RO","og_type":"article","og_title":"One-IT partener certificat Synology \u00een Rom\u00e2nia - Solutii NAS business","og_description":"One-IT devine Certified Partner Synology in Romania Prin acest parteneriat One-IT aduce mai aproape clien\u021bilor din mediul business dar \u0219i clien\u021bilor consumer beneficiile oferite de produc\u0103torul de top al echipamentelor \u0219i solu\u021biilor de Back-up, Synology. Av\u00e2nd \u00eencrederea acordat\u0103 de milioane de clien\u021bi \u0219i de c\u0103tre cei mai buni min\u021bi din industria IT, cu peste \u0219ase [&hellip;]","og_url":"https:\/\/www.one-it.ro\/blog\/one-it-partener-certificat-synology-in-romania\/","og_site_name":"One-IT blog","article_publisher":"https:\/\/www.facebook.com\/OneIT","article_modified_time":"2021-06-28T13:06:57+00:00","og_image":[{"width":1080,"height":330,"url":"https:\/\/www.one-it.ro\/blog\/wp-content\/uploads\/2021\/06\/Synology_NAS_business.png","type":"image\/png"}],"twitter_card":"summary_large_image","twitter_site":"@oneitro","twitter_misc":{"Timp estimat pentru citire":"3 minute"},"schema":{"@context":"https:\/\/schema.org","@graph":[{"@type":"WebPage","@id":"https:\/\/www.one-it.ro\/blog\/one-it-partener-certificat-synology-in-romania\/","url":"https:\/\/www.one-it.ro\/blog\/one-it-partener-certificat-synology-in-romania\/","name":"One-IT partener certificat Synology \u00een Rom\u00e2nia - Solutii NAS business","isPartOf":{"@id":"https:\/\/www.one-it.ro\/blog\/#website"},"datePublished":"2021-06-25T21:55:34+00:00","dateModified":"2021-06-28T13:06:57+00:00","inLanguage":"ro-RO","potentialAction":[{"@type":"ReadAction","target":["https:\/\/www.one-it.ro\/blog\/one-it-partener-certificat-synology-in-romania\/"]}]},{"@type":"WebSite","@id":"https:\/\/www.one-it.ro\/blog\/#website","url":"https:\/\/www.one-it.ro\/blog\/","name":"One-IT blog","description":"Mai mult dec\u00e2t un expert, un prieten!","publisher":{"@id":"https:\/\/www.one-it.ro\/blog\/#organization"},"potentialAction":[{"@type":"SearchAction","target":{"@type":"EntryPoint","urlTemplate":"https:\/\/www.one-it.ro\/blog\/?s={search_term_string}"},"query-input":"required name=search_term_string"}],"inLanguage":"ro-RO"},{"@type":"Organization","@id":"https:\/\/www.one-it.ro\/blog\/#organization","name":"ONE-IT","url":"https:\/\/www.one-it.ro\/blog\/","logo":{"@type":"ImageObject","inLanguage":"ro-RO","@id":"https:\/\/www.one-it.ro\/blog\/#\/schema\/logo\/image\/","url":"https:\/\/www.one-it.ro\/blog\/wp-content\/uploads\/2019\/10\/logo_OneIT.png","contentUrl":"https:\/\/www.one-it.ro\/blog\/wp-content\/uploads\/2019\/10\/logo_OneIT.png","width":255,"height":230,"caption":"ONE-IT"},"image":{"@id":"https:\/\/www.one-it.ro\/blog\/#\/schema\/logo\/image\/"},"sameAs":["https:\/\/www.facebook.com\/OneIT","https:\/\/twitter.com\/oneitro","https:\/\/www.instagram.com\/oneit.ro\/","https:\/\/www.linkedin.com\/company\/oneit\/","https:\/\/www.youtube.com\/oneit"]}]}},"_links":{"self":[{"href":"https:\/\/www.one-it.ro\/blog\/wp-json\/wp\/v2\/pages\/5681"}],"collection":[{"href":"https:\/\/www.one-it.ro\/blog\/wp-json\/wp\/v2\/pages"}],"about":[{"href":"https:\/\/www.one-it.ro\/blog\/wp-json\/wp\/v2\/types\/page"}],"author":[{"embeddable":true,"href":"https:\/\/www.one-it.ro\/blog\/wp-json\/wp\/v2\/users\/1"}],"replies":[{"embeddable":true,"href":"https:\/\/www.one-it.ro\/blog\/wp-json\/wp\/v2\/comments?post=5681"}],"version-history":[{"count":16,"href":"https:\/\/www.one-it.ro\/blog\/wp-json\/wp\/v2\/pages\/5681\/revisions"}],"predecessor-version":[{"id":5702,"href":"https:\/\/www.one-it.ro\/blog\/wp-json\/wp\/v2\/pages\/5681\/revisions\/5702"}],"wp:featuredmedia":[{"embeddable":true,"href":"https:\/\/www.one-it.ro\/blog\/wp-json\/wp\/v2\/media\/5684"}],"wp:attachment":[{"href":"https:\/\/www.one-it.ro\/blog\/wp-json\/wp\/v2\/media?parent=5681"}],"curies":[{"name":"wp","href":"https:\/\/api.w.org\/{rel}","templated":true}]}}