{"id":2,"date":"2010-01-14T14:13:42","date_gmt":"2010-01-14T14:13:42","guid":{"rendered":"http:\/\/one-it.ro\/blog\/?page_id=2"},"modified":"2022-11-30T08:30:27","modified_gmt":"2022-11-30T06:30:27","slug":"despre-noi","status":"publish","type":"page","link":"https:\/\/www.one-it.ro\/blog\/despre-noi\/","title":{"rendered":"Despre noi"},"content":{"rendered":"<p><span style=\"color: #ffffff;\">.<\/span> \u00a0\u00a0\u00a0Suntem o echipa bine preg\u0103tit\u0103 de speciali\u0219ti autoriza\u021bi direct de produc\u0103torii: Dell, IBM, Cisco, HP, Toshiba, Acer, Fujitsu, Polycom, Microsoft \u0219i v\u0103 stam oric\u00e2nd la dispozi\u021bie pentru consultan\u021b\u0103 specializata, proiectare \u0219i implementare de solu\u021bii IT.<br \/>\nAdaug\u0103m valoare produselor \u0219i serviciilor noastre, pentru a oferi siguran\u021b\u0103, calitate \u0219i beneficiile cele mai \u00eenalte.<\/p>\n<p><span style=\"color: #ffffff;\">.<\/span> \u00a0\u00a0\u00a0 Cu peste 18 ani experien\u021b\u0103 \u00een domeniu \u0219i cu un portofoliu de mii de clien\u021bi care au \u00eencredere \u00een produsele \u0219i serviciile noastre, echipa noastr\u0103 pune accent tot timpul pe calitate, dorind un parteneriat pe termen lung cu clientul.<\/p>\n<p><strong>\u00a0 \u00a0 \u00a0 Misiunea noastr\u0103<\/strong>: \u00a0<em>Ne propunem s\u0103 \u00een\u021belegem perfect nevoile reale ale fiec\u0103rui client \u0219i sa dezvoltam parteneriate durabile, bazate pe \u00eencredere \u0219i profesionalism, care s\u0103 aib\u0103 ca<strong> rezultat cre\u0219terea eficientei \u0219i productivit\u0103\u021bii<\/strong> ca urmare a folosirii tehnologiei IT la cel mai \u00eenalt standard de calitate.<\/em><\/p>\n<p><span style=\"color: #003366;\"><span style=\"text-decoration: underline;\">Beneficii pentru clien\u021bii nostri<\/span>:<\/span><\/p>\n<ul>\n<li><span style=\"color: #003366;\"><strong>Consultan\u021b\u0103 \u0219i suport tehnic specializat<\/strong><\/span><\/li>\n<li><span style=\"color: #003366;\"><strong>Garan\u021bie \u0219i post-garan\u021bie direct la noi<\/strong><\/span><\/li>\n<li><span style=\"color: #003366;\"><strong>Disponibilitate stoc la pre\u021b competitiv<\/strong><\/span><\/li>\n<li><span style=\"color: #003366;\"><strong>Aplica\u021bie soft dedicata de suport<\/strong><\/span><\/li>\n<li><span style=\"color: #003366;\"><strong>Posibilitate upgrade performante la orice Laptop\/ PC\u00a0<\/strong><\/span><\/li>\n<li><span style=\"color: #003366;\"><strong>Calitate \u0219i profesionalism<\/strong><\/span><\/li>\n<\/ul>\n<p><strong>\u00a0 \u00a0 \u00a0Prezentare One-IT:<\/strong><br \/>\n<iframe loading=\"lazy\" src=\"https:\/\/www.youtube.com\/embed\/WqaSESgxxP8?rel=0&amp;showinfo=0\" width=\"610\" height=\"343\" frameborder=\"0\" allowfullscreen=\"allowfullscreen\"><\/iframe><br \/>\n<strong>\u00a0 \u00a0 \u00a0Prezentare video: \u00a0One-IT \u2014 12 ani de pasiune, 12 ani de excelen\u0163\u0103!<\/strong><br \/>\n<iframe loading=\"lazy\" src=\"https:\/\/www.youtube.com\/embed\/H-7Je74oj7Q?rel=0&amp;showinfo=0\" width=\"610\" height=\"343\" frameborder=\"0\" allowfullscreen=\"allowfullscreen\"><\/iframe><\/p>\n<p><strong>\u00a0\u00a0\u00a0\u00a0\u00a0Viziune<\/strong>:<br \/>\nDezvoltarea domeniului IT&amp;C \u00een cadrul comunit\u0103\u0163ilor unde One IT va fi prezent, at\u00e2t \u00een ce prive\u015fte noua tehnologie c\u00e2t \u015fi personalizarea tehnologiei la nivel de individ sau companie.<br \/>\nNe propunem s\u0103 dezvolt\u0103m \u015fi s\u0103 implement\u0103m solu\u0163ii IT eficiente care s\u0103 ajute la dezvoltarea \u015fi succesul clien\u0163ilor no\u015ftri , pentru c\u0103:<br \/>\n<strong>\u0218tim c\u0103 succesul nostru se cl\u0103de\u0219te pe succesul CLIEN\u021aILOR no\u0219tri.<\/strong><\/p>\n<p><span style=\"color: #ffffff;\">.<br \/>\n.<\/span><br \/>\n<em><strong>One-IT . Mai mult dec\u00e2t un expert , un prieten!<\/strong><\/em><\/p>\n<p><img decoding=\"async\" class=\"aligncenter wp-image-4016 size-large\" src=\"https:\/\/www.one-it.ro\/wp-content\/uploads\/2022\/01\/Innovation-2021-YouTube-Thumbnail-1280x720-px.png\" alt=\"Echipa One-IT\" \/><\/p>\n<p>&nbsp;<\/p>\n","protected":false},"excerpt":{"rendered":"<p>. \u00a0\u00a0\u00a0Suntem o echipa bine preg\u0103tit\u0103 de speciali\u0219ti autoriza\u021bi direct de produc\u0103torii: Dell, IBM, Cisco, HP, Toshiba, Acer, Fujitsu, Polycom, Microsoft \u0219i v\u0103 stam oric\u00e2nd la dispozi\u021bie pentru consultan\u021b\u0103 specializata, proiectare \u0219i implementare de solu\u021bii IT. Adaug\u0103m valoare produselor \u0219i serviciilor noastre, pentru a oferi siguran\u021b\u0103, calitate \u0219i beneficiile cele mai \u00eenalte. . \u00a0\u00a0\u00a0 Cu [&hellip;]<\/p>\n","protected":false},"author":1,"featured_media":0,"parent":0,"menu_order":0,"comment_status":"open","ping_status":"open","template":"templates\/page-right.php","meta":{"om_disable_all_campaigns":false,"_monsterinsights_skip_tracking":false,"_monsterinsights_sitenote_active":false,"_monsterinsights_sitenote_note":"","_monsterinsights_sitenote_category":0},"yoast_head":"<!-- This site is optimized with the Yoast SEO plugin v20.1 - https:\/\/yoast.com\/wordpress\/plugins\/seo\/ -->\n<title>Despre noi - Echipa One-IT<\/title>\n<meta name=\"description\" content=\"Suntem o echipa bine pregatita de specialisti autorizati direct de producatorii: Dell, IBM, Cisco, HP, Toshiba, Acer, Fujitsu, Microsoft si va stam oricand la dispozitie pentru consultanta specializata, proiectare si implementare de solutii IT\" \/>\n<meta name=\"robots\" content=\"index, follow, max-snippet:-1, max-image-preview:large, max-video-preview:-1\" \/>\n<link rel=\"canonical\" href=\"https:\/\/www.one-it.ro\/blog\/despre-noi\/\" \/>\n<meta property=\"og:locale\" content=\"ro_RO\" \/>\n<meta property=\"og:type\" content=\"article\" \/>\n<meta property=\"og:title\" content=\"Despre noi - Echipa One-IT\" \/>\n<meta property=\"og:description\" content=\"Suntem o echipa bine pregatita de specialisti autorizati direct de producatorii: Dell, IBM, Cisco, HP, Toshiba, Acer, Fujitsu, Microsoft si va stam oricand la dispozitie pentru consultanta specializata, proiectare si implementare de solutii IT\" \/>\n<meta property=\"og:url\" content=\"https:\/\/www.one-it.ro\/blog\/despre-noi\/\" \/>\n<meta property=\"og:site_name\" content=\"One-IT blog\" \/>\n<meta property=\"article:publisher\" content=\"https:\/\/www.facebook.com\/OneIT\" \/>\n<meta property=\"article:modified_time\" content=\"2022-11-30T06:30:27+00:00\" \/>\n<meta property=\"og:image\" content=\"https:\/\/www.one-it.ro\/wp-content\/uploads\/2022\/01\/Innovation-2021-YouTube-Thumbnail-1280x720-px.png\" \/>\n<meta name=\"twitter:card\" content=\"summary_large_image\" \/>\n<meta name=\"twitter:site\" content=\"@oneitro\" \/>\n<meta name=\"twitter:label1\" content=\"Timp estimat pentru citire\" \/>\n\t<meta name=\"twitter:data1\" content=\"2 minute\" \/>\n<script type=\"application\/ld+json\" class=\"yoast-schema-graph\">{\"@context\":\"https:\/\/schema.org\",\"@graph\":[{\"@type\":\"WebPage\",\"@id\":\"https:\/\/www.one-it.ro\/blog\/despre-noi\/\",\"url\":\"https:\/\/www.one-it.ro\/blog\/despre-noi\/\",\"name\":\"Despre noi - Echipa One-IT\",\"isPartOf\":{\"@id\":\"https:\/\/www.one-it.ro\/blog\/#website\"},\"datePublished\":\"2010-01-14T14:13:42+00:00\",\"dateModified\":\"2022-11-30T06:30:27+00:00\",\"description\":\"Suntem o echipa bine pregatita de specialisti autorizati direct de producatorii: Dell, IBM, Cisco, HP, Toshiba, Acer, Fujitsu, Microsoft si va stam oricand la dispozitie pentru consultanta specializata, proiectare si implementare de solutii IT\",\"inLanguage\":\"ro-RO\",\"potentialAction\":[{\"@type\":\"ReadAction\",\"target\":[\"https:\/\/www.one-it.ro\/blog\/despre-noi\/\"]}]},{\"@type\":\"WebSite\",\"@id\":\"https:\/\/www.one-it.ro\/blog\/#website\",\"url\":\"https:\/\/www.one-it.ro\/blog\/\",\"name\":\"One-IT blog\",\"description\":\"Mai mult dec\u00e2t un expert, un prieten!\",\"publisher\":{\"@id\":\"https:\/\/www.one-it.ro\/blog\/#organization\"},\"potentialAction\":[{\"@type\":\"SearchAction\",\"target\":{\"@type\":\"EntryPoint\",\"urlTemplate\":\"https:\/\/www.one-it.ro\/blog\/?s={search_term_string}\"},\"query-input\":\"required name=search_term_string\"}],\"inLanguage\":\"ro-RO\"},{\"@type\":\"Organization\",\"@id\":\"https:\/\/www.one-it.ro\/blog\/#organization\",\"name\":\"ONE-IT\",\"url\":\"https:\/\/www.one-it.ro\/blog\/\",\"logo\":{\"@type\":\"ImageObject\",\"inLanguage\":\"ro-RO\",\"@id\":\"https:\/\/www.one-it.ro\/blog\/#\/schema\/logo\/image\/\",\"url\":\"https:\/\/www.one-it.ro\/blog\/wp-content\/uploads\/2019\/10\/logo_OneIT.png\",\"contentUrl\":\"https:\/\/www.one-it.ro\/blog\/wp-content\/uploads\/2019\/10\/logo_OneIT.png\",\"width\":255,\"height\":230,\"caption\":\"ONE-IT\"},\"image\":{\"@id\":\"https:\/\/www.one-it.ro\/blog\/#\/schema\/logo\/image\/\"},\"sameAs\":[\"https:\/\/www.facebook.com\/OneIT\",\"https:\/\/twitter.com\/oneitro\",\"https:\/\/www.instagram.com\/oneit.ro\/\",\"https:\/\/www.linkedin.com\/company\/oneit\/\",\"https:\/\/www.youtube.com\/oneit\"]}]}<\/script>\n<!-- \/ Yoast SEO plugin. -->","yoast_head_json":{"title":"Despre noi - Echipa One-IT","description":"Suntem o echipa bine pregatita de specialisti autorizati direct de producatorii: Dell, IBM, Cisco, HP, Toshiba, Acer, Fujitsu, Microsoft si va stam oricand la dispozitie pentru consultanta specializata, proiectare si implementare de solutii IT","robots":{"index":"index","follow":"follow","max-snippet":"max-snippet:-1","max-image-preview":"max-image-preview:large","max-video-preview":"max-video-preview:-1"},"canonical":"https:\/\/www.one-it.ro\/blog\/despre-noi\/","og_locale":"ro_RO","og_type":"article","og_title":"Despre noi - Echipa One-IT","og_description":"Suntem o echipa bine pregatita de specialisti autorizati direct de producatorii: Dell, IBM, Cisco, HP, Toshiba, Acer, Fujitsu, Microsoft si va stam oricand la dispozitie pentru consultanta specializata, proiectare si implementare de solutii IT","og_url":"https:\/\/www.one-it.ro\/blog\/despre-noi\/","og_site_name":"One-IT blog","article_publisher":"https:\/\/www.facebook.com\/OneIT","article_modified_time":"2022-11-30T06:30:27+00:00","og_image":[{"url":"https:\/\/www.one-it.ro\/wp-content\/uploads\/2022\/01\/Innovation-2021-YouTube-Thumbnail-1280x720-px.png"}],"twitter_card":"summary_large_image","twitter_site":"@oneitro","twitter_misc":{"Timp estimat pentru citire":"2 minute"},"schema":{"@context":"https:\/\/schema.org","@graph":[{"@type":"WebPage","@id":"https:\/\/www.one-it.ro\/blog\/despre-noi\/","url":"https:\/\/www.one-it.ro\/blog\/despre-noi\/","name":"Despre noi - Echipa One-IT","isPartOf":{"@id":"https:\/\/www.one-it.ro\/blog\/#website"},"datePublished":"2010-01-14T14:13:42+00:00","dateModified":"2022-11-30T06:30:27+00:00","description":"Suntem o echipa bine pregatita de specialisti autorizati direct de producatorii: Dell, IBM, Cisco, HP, Toshiba, Acer, Fujitsu, Microsoft si va stam oricand la dispozitie pentru consultanta specializata, proiectare si implementare de solutii IT","inLanguage":"ro-RO","potentialAction":[{"@type":"ReadAction","target":["https:\/\/www.one-it.ro\/blog\/despre-noi\/"]}]},{"@type":"WebSite","@id":"https:\/\/www.one-it.ro\/blog\/#website","url":"https:\/\/www.one-it.ro\/blog\/","name":"One-IT blog","description":"Mai mult dec\u00e2t un expert, un prieten!","publisher":{"@id":"https:\/\/www.one-it.ro\/blog\/#organization"},"potentialAction":[{"@type":"SearchAction","target":{"@type":"EntryPoint","urlTemplate":"https:\/\/www.one-it.ro\/blog\/?s={search_term_string}"},"query-input":"required name=search_term_string"}],"inLanguage":"ro-RO"},{"@type":"Organization","@id":"https:\/\/www.one-it.ro\/blog\/#organization","name":"ONE-IT","url":"https:\/\/www.one-it.ro\/blog\/","logo":{"@type":"ImageObject","inLanguage":"ro-RO","@id":"https:\/\/www.one-it.ro\/blog\/#\/schema\/logo\/image\/","url":"https:\/\/www.one-it.ro\/blog\/wp-content\/uploads\/2019\/10\/logo_OneIT.png","contentUrl":"https:\/\/www.one-it.ro\/blog\/wp-content\/uploads\/2019\/10\/logo_OneIT.png","width":255,"height":230,"caption":"ONE-IT"},"image":{"@id":"https:\/\/www.one-it.ro\/blog\/#\/schema\/logo\/image\/"},"sameAs":["https:\/\/www.facebook.com\/OneIT","https:\/\/twitter.com\/oneitro","https:\/\/www.instagram.com\/oneit.ro\/","https:\/\/www.linkedin.com\/company\/oneit\/","https:\/\/www.youtube.com\/oneit"]}]}},"_links":{"self":[{"href":"https:\/\/www.one-it.ro\/blog\/wp-json\/wp\/v2\/pages\/2"}],"collection":[{"href":"https:\/\/www.one-it.ro\/blog\/wp-json\/wp\/v2\/pages"}],"about":[{"href":"https:\/\/www.one-it.ro\/blog\/wp-json\/wp\/v2\/types\/page"}],"author":[{"embeddable":true,"href":"https:\/\/www.one-it.ro\/blog\/wp-json\/wp\/v2\/users\/1"}],"replies":[{"embeddable":true,"href":"https:\/\/www.one-it.ro\/blog\/wp-json\/wp\/v2\/comments?post=2"}],"version-history":[{"count":14,"href":"https:\/\/www.one-it.ro\/blog\/wp-json\/wp\/v2\/pages\/2\/revisions"}],"predecessor-version":[{"id":8454,"href":"https:\/\/www.one-it.ro\/blog\/wp-json\/wp\/v2\/pages\/2\/revisions\/8454"}],"wp:attachment":[{"href":"https:\/\/www.one-it.ro\/blog\/wp-json\/wp\/v2\/media?parent=2"}],"curies":[{"name":"wp","href":"https:\/\/api.w.org\/{rel}","templated":true}]}}